{"id":202,"date":"2025-11-11T17:29:13","date_gmt":"2025-11-11T16:29:13","guid":{"rendered":"https:\/\/bagesland.cat\/?page_id=202"},"modified":"2025-11-11T17:29:13","modified_gmt":"2025-11-11T16:29:13","slug":"politica-de-privacitat","status":"publish","type":"page","link":"https:\/\/bagesland.cat\/index.php\/politica-de-privacitat\/","title":{"rendered":"Pol\u00edtica de Privacitat"},"content":{"rendered":"\n<h1 class=\"wp-block-heading\"><strong>POL\u00cdTICA DE PRIVACITAT DEL LLOC WEB<\/strong><\/h1>\n\n\n\n<p><a href=\"http:\/\/www.bagesland.cat\">www.bagesland.cat<\/a><\/p>\n\n\n\n<h2 class=\"wp-block-heading\"><strong>I. POL\u00cdTICA DE PRIVACITAT I PROTECCI\u00d3 DE DADES<\/strong><\/h2>\n\n\n\n<p>Respectant el que estableix la legislaci\u00f3 vigent, <strong>Bages Land<\/strong> (d\u2019ara endavant, tamb\u00e9 el <em>Lloc Web<\/em>) es compromet a adoptar les mesures t\u00e8cniques i organitzatives necess\u00e0ries, segons el nivell de seguretat adequat al risc de les dades recollides.<\/p>\n\n\n\n<h3 class=\"wp-block-heading\"><strong>Lleis que incorpora aquesta pol\u00edtica de privacitat<\/strong><\/h3>\n\n\n\n<p>Aquesta pol\u00edtica de privacitat s\u2019adapta a la normativa espanyola i europea vigent en mat\u00e8ria de protecci\u00f3 de dades personals a Internet. En concret, respecta les seg\u00fcents normes:<\/p>\n\n\n\n<ul>\n<li>El <strong>Reglament (UE) 2016\/679<\/strong> del Parlament Europeu i del Consell, de 27 d\u2019abril de 2016, relatiu a la protecci\u00f3 de les persones f\u00edsiques pel que fa al tractament de dades personals i a la lliure circulaci\u00f3 d\u2019aquestes dades (RGPD).<br><\/li>\n\n\n\n<li>La <strong>Llei Org\u00e0nica 3\/2018<\/strong>, de 5 de desembre, de Protecci\u00f3 de Dades Personals i garantia dels drets digitals (LOPD-GDD).<br><\/li>\n\n\n\n<li>El <strong>Reial decret 1720\/2007<\/strong>, de 21 de desembre, pel qual s\u2019aprova el Reglament de desenvolupament de la Llei Org\u00e0nica 15\/1999, de 13 de desembre, de Protecci\u00f3 de Dades de Car\u00e0cter Personal (RDLOPD).<br><\/li>\n\n\n\n<li>La <strong>Llei 34\/2002<\/strong>, d\u201911 de juliol, de Serveis de la Societat de la Informaci\u00f3 i de Comer\u00e7 Electr\u00f2nic (LSSI-CE).<br><\/li>\n<\/ul>\n\n\n\n<h3 class=\"wp-block-heading\"><strong>Identitat del responsable del tractament de les dades personals<\/strong><\/h3>\n\n\n\n<p>El responsable del tractament de les dades personals recollides a <strong>Bages Land<\/strong> \u00e9s:<br><strong>Ac Bages Land 2g SL<\/strong>, amb NIF\/CIF: <strong>B67065581<\/strong>, el representant de la qual \u00e9s <strong>Xavier Pons Camps<\/strong> (d\u2019ara endavant, <em>el Responsable del tractament<\/em>).<\/p>\n\n\n\n<p><strong>Dades de contacte:<\/strong><\/p>\n\n\n\n<ul>\n<li>Adre\u00e7a: Pla\u00e7a Ajuntament 1 &#8211; 08670 Nav\u00e0s<br><\/li>\n\n\n\n<li>Tel\u00e8fon: 609942303<br><\/li>\n\n\n\n<li>Correu electr\u00f2nic: xavierpons@coac.net<br><\/li>\n<\/ul>\n\n\n\n<h3 class=\"wp-block-heading\"><strong>Registre de dades de car\u00e0cter personal<\/strong><\/h3>\n\n\n\n<p>En compliment del que estableix el RGPD i la LOPD-GDD, s\u2019informa que les dades personals recollides per <strong>Bages Land<\/strong>, mitjan\u00e7ant els formularis disponibles a les seves p\u00e0gines, s\u2019incorporaran i seran tractades en el nostre fitxer amb la finalitat de facilitar, agilitzar i complir els compromisos establerts entre <strong>Bages Land<\/strong> i l\u2019Usuari, o per mantenir la relaci\u00f3 derivada dels formularis que aquest ompli, o per atendre una sol\u00b7licitud o consulta seva.<\/p>\n\n\n\n<p>D\u2019acord amb el que preveu el RGPD i la LOPD-GDD, llevat que sigui aplicable l\u2019excepci\u00f3 prevista a l\u2019article 30.5 del RGPD, es mant\u00e9 un registre d\u2019activitats de tractament que especifica, segons les seves finalitats, les activitats de tractament realitzades i les circumst\u00e0ncies establertes al RGPD.<\/p>\n\n\n\n<h3 class=\"wp-block-heading\"><strong>Principis aplicables al tractament de les dades personals<\/strong><\/h3>\n\n\n\n<p>El tractament de les dades personals de l\u2019Usuari es regir\u00e0 pels principis establerts a l\u2019article 5 del RGPD i a l\u2019article 4 i seg\u00fcents de la Llei Org\u00e0nica 3\/2018:<\/p>\n\n\n\n<ul>\n<li><strong>Principi de licitud, lleialtat i transpar\u00e8ncia:<\/strong> es requerir\u00e0 sempre el consentiment de l\u2019Usuari, pr\u00e8via informaci\u00f3 clara i transparent dels fins per als quals es recullen les dades.<br><\/li>\n\n\n\n<li><strong>Principi de limitaci\u00f3 de la finalitat:<\/strong> les dades es recolliran amb finalitats determinades, expl\u00edcites i leg\u00edtimes.<br><\/li>\n\n\n\n<li><strong>Principi de minimitzaci\u00f3 de dades:<\/strong> nom\u00e9s es recolliran les dades estrictament necess\u00e0ries.<br><\/li>\n\n\n\n<li><strong>Principi d\u2019exactitud:<\/strong> les dades han de ser exactes i actualitzades.<br><\/li>\n\n\n\n<li><strong>Principi de limitaci\u00f3 del termini de conservaci\u00f3:<\/strong> les dades es conservaran nom\u00e9s el temps necessari per als fins del tractament.<br><\/li>\n\n\n\n<li><strong>Principi d\u2019integritat i confidencialitat:<\/strong> les dades es tractaran de manera que se\u2019n garanteixi la seguretat i confidencialitat.<br><\/li>\n\n\n\n<li><strong>Principi de responsabilitat proactiva:<\/strong> el Responsable \u00e9s responsable del compliment dels principis anteriors.<br><\/li>\n<\/ul>\n\n\n\n<h3 class=\"wp-block-heading\"><strong>Categories de dades personals<\/strong><\/h3>\n\n\n\n<p>Les categories de dades que es tracten a <strong>Bages Land<\/strong> s\u00f3n exclusivament <strong>dades identificatives<\/strong>. En cap cas es tracten categories especials de dades personals segons l\u2019article 9 del RGPD.<\/p>\n\n\n\n<h3 class=\"wp-block-heading\"><strong>Base legal per al tractament de les dades personals<\/strong><\/h3>\n\n\n\n<p>La base legal per al tractament de les dades personals \u00e9s el <strong>consentiment<\/strong> de l\u2019Usuari. <strong>Bages Land<\/strong> es compromet a obtenir el consentiment expr\u00e9s i verificable per a un o diversos fins espec\u00edfics.<br>L\u2019Usuari podr\u00e0 retirar el consentiment en qualsevol moment, de manera tan senzilla com l\u2019ha prestat. La retirada del consentiment no condiciona l\u2019\u00fas del lloc web.<\/p>\n\n\n\n<h3 class=\"wp-block-heading\"><strong>Finalitats del tractament<\/strong><\/h3>\n\n\n\n<p>Les dades personals s\u00f3n recollides i gestionades per <strong>Bages Land<\/strong> amb la finalitat de facilitar, agilitzar i complir els compromisos establerts entre el Lloc Web i l\u2019Usuari, o per mantenir la relaci\u00f3 derivada dels formularis que aquest ompli o per atendre una sol\u00b7licitud o consulta seva.<\/p>\n\n\n\n<p>Aix\u00ed mateix, les dades podran ser utilitzades amb finalitats comercials de personalitzaci\u00f3, operatives i estad\u00edstiques, i per a activitats pr\u00f2pies de l\u2019objecte social de <strong>Bages Land<\/strong>, com ara estudis de m\u00e0rqueting o millora del funcionament i la navegaci\u00f3 del Lloc Web.<\/p>\n\n\n\n<h3 class=\"wp-block-heading\"><strong>Termini de conservaci\u00f3 de les dades<\/strong><\/h3>\n\n\n\n<p>Les dades personals es conservaran \u00fanicament durant el temps m\u00ednim necessari per al compliment de la seva finalitat i, en tot cas, durant <strong>18 mesos<\/strong> o fins que l\u2019Usuari en sol\u00b7liciti la supressi\u00f3.<\/p>\n\n\n\n<h3 class=\"wp-block-heading\"><strong>Destinataris de les dades personals<\/strong><\/h3>\n\n\n\n<p>Les dades personals de l\u2019Usuari <strong>no seran compartides amb tercers<\/strong>.<br>En cas que s\u2019hagi de realitzar alguna comunicaci\u00f3 o transfer\u00e8ncia internacional de dades, es comunicar\u00e0 pr\u00e8viament a l\u2019Usuari la identitat dels destinataris o pa\u00efsos tercers corresponents.<\/p>\n\n\n\n<h3 class=\"wp-block-heading\"><strong>Dades personals de menors d\u2019edat<\/strong><\/h3>\n\n\n\n<p>Nom\u00e9s els majors de <strong>14 anys<\/strong> poden atorgar el seu consentiment per al tractament de dades de forma l\u00edcita per part de <strong>Bages Land<\/strong>. En cas de menors de 14 anys, caldr\u00e0 el consentiment dels pares o tutors.<\/p>\n\n\n\n<h3 class=\"wp-block-heading\"><strong>Seguretat i confidencialitat de les dades<\/strong><\/h3>\n\n\n\n<p><strong>Bages Land<\/strong> es compromet a adoptar les mesures t\u00e8cniques i organitzatives necess\u00e0ries per garantir la seguretat de les dades i evitar-ne la destrucci\u00f3, p\u00e8rdua o acc\u00e9s no autoritzat.<br>El lloc web compta amb un <strong>certificat SSL (Secure Socket Layer)<\/strong> per garantir la transmissi\u00f3 segura de dades.<\/p>\n\n\n\n<p>Tot i aix\u00f2, <strong>Bages Land<\/strong> no pot garantir la invulnerabilitat absoluta d\u2019Internet ni evitar completament accessos fraudulents. En cas de violaci\u00f3 de seguretat que comporti un alt risc per als drets dels usuaris, es comunicar\u00e0 sense dilaci\u00f3 indeguda.<\/p>\n\n\n\n<p>Les dades personals seran tractades com a <strong>confidencials<\/strong>, i el Responsable es compromet a garantir aquesta confidencialitat entre els seus empleats i col\u00b7laboradors.<\/p>\n\n\n\n<h3 class=\"wp-block-heading\"><strong>Drets de l\u2019usuari<\/strong><\/h3>\n\n\n\n<p>L\u2019Usuari pot exercir els seg\u00fcents drets, reconeguts al RGPD i a la LOPD-GDD:<\/p>\n\n\n\n<ul>\n<li><strong>Dret d\u2019acc\u00e9s<\/strong><strong><br><\/strong><\/li>\n\n\n\n<li><strong>Dret de rectificaci\u00f3<\/strong><strong><br><\/strong><\/li>\n\n\n\n<li><strong>Dret de supressi\u00f3 (\u201cdret a l\u2019oblit\u201d)<\/strong><strong><br><\/strong><\/li>\n\n\n\n<li><strong>Dret a la limitaci\u00f3 del tractament<\/strong><strong><br><\/strong><\/li>\n\n\n\n<li><strong>Dret a la portabilitat de les dades<\/strong><strong><br><\/strong><\/li>\n\n\n\n<li><strong>Dret d\u2019oposici\u00f3<\/strong><strong><br><\/strong><\/li>\n\n\n\n<li><strong>Dret a no ser objecte de decisions automatitzades<\/strong><strong><br><\/strong><\/li>\n<\/ul>\n\n\n\n<p>Per exercir-los, l\u2019Usuari haur\u00e0 d\u2019enviar una comunicaci\u00f3 escrita amb la refer\u00e8ncia \u201cRGPD-www.bagesland.cat\u201d a:<\/p>\n\n\n\n<p><strong>Adre\u00e7a postal:<\/strong> Pla\u00e7a Ajuntament 1 &#8211; 08670 Nav\u00e0s<br><strong>Correu electr\u00f2nic:<\/strong> xavierpons@coac.net<\/p>\n\n\n\n<p>La sol\u00b7licitud haur\u00e0 d\u2019incloure:<\/p>\n\n\n\n<ul>\n<li>Nom i cognoms, amb c\u00f2pia del DNI o document equivalent.<br><\/li>\n\n\n\n<li>Motiu espec\u00edfic de la sol\u00b7licitud.<br><\/li>\n\n\n\n<li>Domicili a efectes de notificacions.<br><\/li>\n\n\n\n<li>Data, signatura i documentaci\u00f3 acreditativa, si escau.<br><\/li>\n<\/ul>\n\n\n\n<h3 class=\"wp-block-heading\"><strong>Enlla\u00e7os a llocs web de tercers<\/strong><\/h3>\n\n\n\n<p>El Lloc Web pot contenir enlla\u00e7os a p\u00e0gines de tercers no operades per <strong>Bages Land<\/strong>. Aquests llocs disposen de les seves pr\u00f2pies pol\u00edtiques de privacitat, de les quals <strong>Bages Land<\/strong> no \u00e9s responsable.<\/p>\n\n\n\n<h3 class=\"wp-block-heading\"><strong>Reclamacions davant l\u2019autoritat de control<\/strong><\/h3>\n\n\n\n<p>Si l\u2019Usuari considera que s\u2019ha produ\u00eft una infracci\u00f3 de la normativa de protecci\u00f3 de dades, pot presentar una reclamaci\u00f3 davant l\u2019<strong>Ag\u00e8ncia Espanyola de Protecci\u00f3 de Dades (AEPD)<\/strong>:<a href=\"https:\/\/www.aepd.es\"> https:\/\/www.aepd.es<\/a><\/p>\n\n\n\n<hr class=\"wp-block-separator has-alpha-channel-opacity\"\/>\n\n\n\n<h2 class=\"wp-block-heading\"><strong>II. ACCEPTACI\u00d3 I CANVIS EN AQUESTA POL\u00cdTICA DE PRIVACITAT<\/strong><\/h2>\n\n\n\n<p>\u00c9s necessari que l\u2019Usuari hagi llegit i accepti les condicions de protecci\u00f3 de dades contingudes en aquesta Pol\u00edtica de Privacitat, aix\u00ed com el tractament de les seves dades per part del Responsable, en la forma, termini i finalitats indicades.<br>L\u2019\u00fas del Lloc Web implica l\u2019acceptaci\u00f3 d\u2019aquesta Pol\u00edtica de Privacitat.<\/p>\n\n\n\n<p><strong>Bages Land<\/strong> es reserva el dret de modificar aquesta pol\u00edtica segons el seu propi criteri o per canvis legislatius o jurisprudencials. Els canvis no seran notificats expl\u00edcitament a l\u2019Usuari, per la qual cosa es recomana consultar-la peri\u00f2dicament.<\/p>\n\n\n\n<p>Aquesta Pol\u00edtica de Privacitat ha estat actualitzada d\u2019acord amb el <strong>Reglament (UE) 2016\/679<\/strong> i la <strong>Llei Org\u00e0nica 3\/2018<\/strong>, de 5 de desembre, de Protecci\u00f3 de Dades Personals i garantia dels drets digitals.<\/p>\n","protected":false},"excerpt":{"rendered":"<p>POL\u00cdTICA DE PRIVACITAT DEL LLOC WEB www.bagesland.cat I. POL\u00cdTICA DE PRIVACITAT I PROTECCI\u00d3 DE DADES Respectant el que estableix la legislaci\u00f3 vigent, Bages Land (d\u2019ara endavant, tamb\u00e9 el Lloc Web) es compromet a adoptar les mesures t\u00e8cniques i organitzatives necess\u00e0ries, segons el nivell de seguretat adequat al risc de les dades recollides. Lleis que incorpora [&hellip;]<\/p>\n","protected":false},"author":1,"featured_media":0,"parent":0,"menu_order":0,"comment_status":"closed","ping_status":"closed","template":"","meta":{"site-container-style":"default","site-container-layout":"default","site-sidebar-layout":"default","disable-article-header":"default","disable-site-header":"default","disable-site-footer":"default","disable-content-area-spacing":"default","footnotes":""},"yoast_head":"<!-- This site is optimized with the Yoast SEO plugin v21.8 - https:\/\/yoast.com\/wordpress\/plugins\/seo\/ -->\n<title>Pol\u00edtica de Privacitat - BAGESLAND<\/title>\n<meta name=\"robots\" content=\"noindex, follow\" \/>\n<meta property=\"og:locale\" content=\"es_ES\" \/>\n<meta property=\"og:type\" content=\"article\" \/>\n<meta property=\"og:title\" content=\"Pol\u00edtica de Privacitat - BAGESLAND\" \/>\n<meta property=\"og:description\" content=\"POL\u00cdTICA DE PRIVACITAT DEL LLOC WEB www.bagesland.cat I. POL\u00cdTICA DE PRIVACITAT I PROTECCI\u00d3 DE DADES Respectant el que estableix la legislaci\u00f3 vigent, Bages Land (d\u2019ara endavant, tamb\u00e9 el Lloc Web) es compromet a adoptar les mesures t\u00e8cniques i organitzatives necess\u00e0ries, segons el nivell de seguretat adequat al risc de les dades recollides. Lleis que incorpora [&hellip;]\" \/>\n<meta property=\"og:url\" content=\"https:\/\/bagesland.cat\/index.php\/politica-de-privacitat\/\" \/>\n<meta property=\"og:site_name\" content=\"BAGESLAND\" \/>\n<meta property=\"og:image\" content=\"https:\/\/bagesland.cat\/wp-content\/uploads\/2024\/01\/BAGESLAND-1024x576.png\" \/>\n\t<meta property=\"og:image:width\" content=\"1024\" \/>\n\t<meta property=\"og:image:height\" content=\"576\" \/>\n\t<meta property=\"og:image:type\" content=\"image\/png\" \/>\n<meta name=\"twitter:card\" content=\"summary_large_image\" \/>\n<meta name=\"twitter:label1\" content=\"Tiempo de lectura\" \/>\n\t<meta name=\"twitter:data1\" content=\"6 minutos\" \/>\n<script type=\"application\/ld+json\" class=\"yoast-schema-graph\">{\"@context\":\"https:\/\/schema.org\",\"@graph\":[{\"@type\":\"WebPage\",\"@id\":\"https:\/\/bagesland.cat\/index.php\/politica-de-privacitat\/\",\"url\":\"https:\/\/bagesland.cat\/index.php\/politica-de-privacitat\/\",\"name\":\"Pol\u00edtica de Privacitat - BAGESLAND\",\"isPartOf\":{\"@id\":\"https:\/\/bagesland.cat\/#website\"},\"datePublished\":\"2025-11-11T16:29:13+00:00\",\"dateModified\":\"2025-11-11T16:29:13+00:00\",\"breadcrumb\":{\"@id\":\"https:\/\/bagesland.cat\/index.php\/politica-de-privacitat\/#breadcrumb\"},\"inLanguage\":\"es\",\"potentialAction\":[{\"@type\":\"ReadAction\",\"target\":[\"https:\/\/bagesland.cat\/index.php\/politica-de-privacitat\/\"]}]},{\"@type\":\"BreadcrumbList\",\"@id\":\"https:\/\/bagesland.cat\/index.php\/politica-de-privacitat\/#breadcrumb\",\"itemListElement\":[{\"@type\":\"ListItem\",\"position\":1,\"name\":\"Portada\",\"item\":\"https:\/\/bagesland.cat\/\"},{\"@type\":\"ListItem\",\"position\":2,\"name\":\"Pol\u00edtica de Privacitat\"}]},{\"@type\":\"WebSite\",\"@id\":\"https:\/\/bagesland.cat\/#website\",\"url\":\"https:\/\/bagesland.cat\/\",\"name\":\"BAGESLAND\",\"description\":\"\",\"publisher\":{\"@id\":\"https:\/\/bagesland.cat\/#organization\"},\"alternateName\":\"Bagesland\",\"potentialAction\":[{\"@type\":\"SearchAction\",\"target\":{\"@type\":\"EntryPoint\",\"urlTemplate\":\"https:\/\/bagesland.cat\/?s={search_term_string}\"},\"query-input\":\"required name=search_term_string\"}],\"inLanguage\":\"es\"},{\"@type\":\"Organization\",\"@id\":\"https:\/\/bagesland.cat\/#organization\",\"name\":\"BAGESLAND\",\"url\":\"https:\/\/bagesland.cat\/\",\"logo\":{\"@type\":\"ImageObject\",\"inLanguage\":\"es\",\"@id\":\"https:\/\/bagesland.cat\/#\/schema\/logo\/image\/\",\"url\":\"https:\/\/bagesland.cat\/wp-content\/uploads\/2024\/01\/BagesLandLogo.png\",\"contentUrl\":\"https:\/\/bagesland.cat\/wp-content\/uploads\/2024\/01\/BagesLandLogo.png\",\"width\":500,\"height\":500,\"caption\":\"BAGESLAND\"},\"image\":{\"@id\":\"https:\/\/bagesland.cat\/#\/schema\/logo\/image\/\"}}]}<\/script>\n<!-- \/ Yoast SEO plugin. -->","yoast_head_json":{"title":"Pol\u00edtica de Privacitat - BAGESLAND","robots":{"index":"noindex","follow":"follow"},"og_locale":"es_ES","og_type":"article","og_title":"Pol\u00edtica de Privacitat - BAGESLAND","og_description":"POL\u00cdTICA DE PRIVACITAT DEL LLOC WEB www.bagesland.cat I. POL\u00cdTICA DE PRIVACITAT I PROTECCI\u00d3 DE DADES Respectant el que estableix la legislaci\u00f3 vigent, Bages Land (d\u2019ara endavant, tamb\u00e9 el Lloc Web) es compromet a adoptar les mesures t\u00e8cniques i organitzatives necess\u00e0ries, segons el nivell de seguretat adequat al risc de les dades recollides. Lleis que incorpora [&hellip;]","og_url":"https:\/\/bagesland.cat\/index.php\/politica-de-privacitat\/","og_site_name":"BAGESLAND","og_image":[{"width":1024,"height":576,"url":"https:\/\/bagesland.cat\/wp-content\/uploads\/2024\/01\/BAGESLAND-1024x576.png","type":"image\/png"}],"twitter_card":"summary_large_image","twitter_misc":{"Tiempo de lectura":"6 minutos"},"schema":{"@context":"https:\/\/schema.org","@graph":[{"@type":"WebPage","@id":"https:\/\/bagesland.cat\/index.php\/politica-de-privacitat\/","url":"https:\/\/bagesland.cat\/index.php\/politica-de-privacitat\/","name":"Pol\u00edtica de Privacitat - BAGESLAND","isPartOf":{"@id":"https:\/\/bagesland.cat\/#website"},"datePublished":"2025-11-11T16:29:13+00:00","dateModified":"2025-11-11T16:29:13+00:00","breadcrumb":{"@id":"https:\/\/bagesland.cat\/index.php\/politica-de-privacitat\/#breadcrumb"},"inLanguage":"es","potentialAction":[{"@type":"ReadAction","target":["https:\/\/bagesland.cat\/index.php\/politica-de-privacitat\/"]}]},{"@type":"BreadcrumbList","@id":"https:\/\/bagesland.cat\/index.php\/politica-de-privacitat\/#breadcrumb","itemListElement":[{"@type":"ListItem","position":1,"name":"Portada","item":"https:\/\/bagesland.cat\/"},{"@type":"ListItem","position":2,"name":"Pol\u00edtica de Privacitat"}]},{"@type":"WebSite","@id":"https:\/\/bagesland.cat\/#website","url":"https:\/\/bagesland.cat\/","name":"BAGESLAND","description":"","publisher":{"@id":"https:\/\/bagesland.cat\/#organization"},"alternateName":"Bagesland","potentialAction":[{"@type":"SearchAction","target":{"@type":"EntryPoint","urlTemplate":"https:\/\/bagesland.cat\/?s={search_term_string}"},"query-input":"required name=search_term_string"}],"inLanguage":"es"},{"@type":"Organization","@id":"https:\/\/bagesland.cat\/#organization","name":"BAGESLAND","url":"https:\/\/bagesland.cat\/","logo":{"@type":"ImageObject","inLanguage":"es","@id":"https:\/\/bagesland.cat\/#\/schema\/logo\/image\/","url":"https:\/\/bagesland.cat\/wp-content\/uploads\/2024\/01\/BagesLandLogo.png","contentUrl":"https:\/\/bagesland.cat\/wp-content\/uploads\/2024\/01\/BagesLandLogo.png","width":500,"height":500,"caption":"BAGESLAND"},"image":{"@id":"https:\/\/bagesland.cat\/#\/schema\/logo\/image\/"}}]}},"_links":{"self":[{"href":"https:\/\/bagesland.cat\/index.php\/wp-json\/wp\/v2\/pages\/202"}],"collection":[{"href":"https:\/\/bagesland.cat\/index.php\/wp-json\/wp\/v2\/pages"}],"about":[{"href":"https:\/\/bagesland.cat\/index.php\/wp-json\/wp\/v2\/types\/page"}],"author":[{"embeddable":true,"href":"https:\/\/bagesland.cat\/index.php\/wp-json\/wp\/v2\/users\/1"}],"replies":[{"embeddable":true,"href":"https:\/\/bagesland.cat\/index.php\/wp-json\/wp\/v2\/comments?post=202"}],"version-history":[{"count":1,"href":"https:\/\/bagesland.cat\/index.php\/wp-json\/wp\/v2\/pages\/202\/revisions"}],"predecessor-version":[{"id":203,"href":"https:\/\/bagesland.cat\/index.php\/wp-json\/wp\/v2\/pages\/202\/revisions\/203"}],"wp:attachment":[{"href":"https:\/\/bagesland.cat\/index.php\/wp-json\/wp\/v2\/media?parent=202"}],"curies":[{"name":"wp","href":"https:\/\/api.w.org\/{rel}","templated":true}]}}