{"id":200,"date":"2025-11-11T17:27:58","date_gmt":"2025-11-11T16:27:58","guid":{"rendered":"https:\/\/bagesland.cat\/?page_id=200"},"modified":"2025-11-11T17:27:59","modified_gmt":"2025-11-11T16:27:59","slug":"politica-de-cookies","status":"publish","type":"page","link":"https:\/\/bagesland.cat\/index.php\/politica-de-cookies\/","title":{"rendered":"Pol\u00edtica de Cookies"},"content":{"rendered":"\n<p><a href=\"http:\/\/www.bagesland.cat\"><strong>www.bagesland.cat<\/strong><\/a><\/p>\n\n\n\n<p>L\u2019acc\u00e9s a aquest Lloc Web pot implicar la utilitzaci\u00f3 de <strong>cookies<\/strong>. Les cookies s\u00f3n petites quantitats d\u2019informaci\u00f3 que s\u2019emmagatzemen al navegador utilitzat per cada Usuari \u2014en els diferents dispositius que pugui utilitzar per navegar\u2014 perqu\u00e8 el servidor recordi certa informaci\u00f3 que posteriorment i \u00fanicament el servidor que la va implementar llegir\u00e0.<\/p>\n\n\n\n<p>Les cookies faciliten la navegaci\u00f3, la fan m\u00e9s amigable i <strong>no danyen el dispositiu<\/strong> de navegaci\u00f3.<\/p>\n\n\n\n<p>Les cookies s\u00f3n procediments autom\u00e0tics de recollida d\u2019informaci\u00f3 relativa a les prefer\u00e8ncies determinades per l\u2019Usuari durant la seva visita al Lloc Web amb la finalitat de recon\u00e8ixer-lo com a Usuari, <strong>personalitzar la seva experi\u00e8ncia i l\u2019\u00fas del Lloc Web<\/strong>, i poden tamb\u00e9, per exemple, ajudar a identificar i resoldre errors.<\/p>\n\n\n\n<p>La informaci\u00f3 recollida a trav\u00e9s de les cookies pot incloure la <strong>data i hora de les visites<\/strong>, les <strong>p\u00e0gines visualitzades<\/strong>, el <strong>temps de perman\u00e8ncia<\/strong> al Lloc Web i els <strong>llocs visitats abans i despr\u00e9s<\/strong> d\u2019aquest. Tot i aix\u00f2, cap cookie permet contactar amb el n\u00famero de tel\u00e8fon de l\u2019Usuari ni amb cap altre mitj\u00e0 de contacte personal. Tampoc poden extreure informaci\u00f3 del disc dur de l\u2019Usuari ni robar dades personals.<\/p>\n\n\n\n<p>L\u2019\u00fanica manera que la informaci\u00f3 privada de l\u2019Usuari formi part de l\u2019arxiu <em>cookie<\/em> \u00e9s que l\u2019Usuari <strong>proporcioni personalment<\/strong> aquesta informaci\u00f3 al servidor.<\/p>\n\n\n\n<p>Les cookies que permeten identificar una persona es consideren <strong>dades personals<\/strong>, i per tant, se\u2019ls aplicar\u00e0 la <strong>Pol\u00edtica de Privadesa<\/strong> anteriorment descrita. En aquest sentit, per utilitzar-les ser\u00e0 necessari el <strong>consentiment previ de l\u2019Usuari<\/strong>, comunicat de manera lliure, informada, mitjan\u00e7ant una acci\u00f3 afirmativa i positiva, abans del tractament inicial, revocable i documentat.<\/p>\n\n\n\n<hr class=\"wp-block-separator has-alpha-channel-opacity\"\/>\n\n\n\n<h3 class=\"wp-block-heading\"><strong>Cookies pr\u00f2pies<\/strong><\/h3>\n\n\n\n<p>S\u00f3n aquelles cookies que s\u2019envien a l\u2019ordinador o dispositiu de l\u2019Usuari i s\u00f3n <strong>gestionades exclusivament per Bages Land<\/strong> per al millor funcionament del Lloc Web.<\/p>\n\n\n\n<p>La informaci\u00f3 que es recull s\u2019utilitza per <strong>millorar la qualitat<\/strong> del Lloc Web, dels seus Continguts i de l\u2019experi\u00e8ncia de l\u2019Usuari. Aquestes cookies permeten <strong>recon\u00e8ixer l\u2019Usuari com a visitant recurrent<\/strong> i adaptar els continguts segons les seves prefer\u00e8ncies.<\/p>\n\n\n\n<hr class=\"wp-block-separator has-alpha-channel-opacity\"\/>\n\n\n\n<h3 class=\"wp-block-heading\"><strong>Cookies de tercers<\/strong><\/h3>\n\n\n\n<p>S\u00f3n cookies utilitzades i gestionades per <strong>entitats externes<\/strong> que proporcionen a <strong>Bages Land<\/strong> serveis sol\u00b7licitats per aquesta mateixa per millorar el Lloc Web i l\u2019experi\u00e8ncia de navegaci\u00f3 de l\u2019Usuari.<\/p>\n\n\n\n<p>Els principals objectius per als quals s\u2019utilitzen cookies de tercers s\u00f3n l\u2019obtenci\u00f3 d\u2019<strong>estad\u00edstiques d\u2019acc\u00e9s<\/strong> i l\u2019an\u00e0lisi de la informaci\u00f3 de navegaci\u00f3, \u00e9s a dir, <strong>com interactua l\u2019Usuari amb el Lloc Web<\/strong>.<\/p>\n\n\n\n<p>La informaci\u00f3 que s\u2019obt\u00e9 pot incloure, per exemple:<\/p>\n\n\n\n<ul>\n<li>El nombre de p\u00e0gines visitades<br><\/li>\n\n\n\n<li>L\u2019idioma<br><\/li>\n\n\n\n<li>El lloc o la direcci\u00f3 IP des d\u2019on accedeix l\u2019Usuari<br><\/li>\n\n\n\n<li>El nombre d\u2019usuaris que hi accedeixen<br><\/li>\n\n\n\n<li>La freq\u00fc\u00e8ncia i reincid\u00e8ncia de les visites<br><\/li>\n\n\n\n<li>El temps de visita<br><\/li>\n\n\n\n<li>El navegador utilitzat<br><\/li>\n\n\n\n<li>L\u2019operador o tipus de dispositiu emprat<br><\/li>\n<\/ul>\n\n\n\n<p>Aquesta informaci\u00f3 s\u2019utilitza per <strong>millorar el Lloc Web<\/strong> i detectar noves necessitats per oferir als Usuaris un contingut i\/o servei de la millor qualitat possible.<\/p>\n\n\n\n<p>En tot cas, la informaci\u00f3 es recopila <strong>de forma an\u00f2nima<\/strong> i es creen informes de tend\u00e8ncies del Lloc Web sense identificar usuaris individuals.<\/p>\n\n\n\n<p>L\u2019Usuari pot obtenir m\u00e9s informaci\u00f3 sobre les cookies, la seva privadesa o consultar la descripci\u00f3 del tipus de cookies utilitzades, les seves principals caracter\u00edstiques, per\u00edode d\u2019expiraci\u00f3, etc. en el(s) seg\u00fcent(s) enlla\u00e7(os):<\/p>\n\n\n\n<p><em>(A completar per Bages Land amb els prove\u00efdors o plataformes espec\u00edfiques utilitzades)<\/em><\/p>\n\n\n\n<p>Les entitats encarregades del subministrament de cookies poden cedir aquesta informaci\u00f3 a tercers sempre que la llei ho exigeixi o quan sigui un tercer qui processi aquesta informaci\u00f3 per compte d\u2019aquestes entitats.<\/p>\n\n\n\n<hr class=\"wp-block-separator has-alpha-channel-opacity\"\/>\n\n\n\n<h3 class=\"wp-block-heading\"><strong>Cookies de xarxes socials<\/strong><\/h3>\n\n\n\n<p><strong>Bages Land<\/strong> incorpora <strong>plugins de xarxes socials<\/strong>, que permeten accedir-hi des del Lloc Web.<br>Per aquesta ra\u00f3, les cookies d\u2019aquestes xarxes poden emmagatzemar-se al navegador de l\u2019Usuari.<\/p>\n\n\n\n<p>Els titulars d\u2019aquestes xarxes socials disposen de les seves pr\u00f2pies <strong>pol\u00edtiques de protecci\u00f3 de dades i de cookies<\/strong>, sent ells mateixos, en cada cas, responsables dels seus propis fitxers i pr\u00e0ctiques de privadesa.<\/p>\n\n\n\n<p>L\u2019Usuari ha de consultar directament aquestes pol\u00edtiques per informar-se sobre les cookies i, si escau, sobre el tractament de les seves dades personals.<br><\/p>\n\n\n\n<hr class=\"wp-block-separator has-alpha-channel-opacity\"\/>\n\n\n\n<h3 class=\"wp-block-heading\"><strong>Desactivar, rebutjar i eliminar cookies<\/strong><\/h3>\n\n\n\n<p>L\u2019Usuari pot <strong>desactivar, rebutjar i eliminar les cookies<\/strong>, totalment o parcialment, instal\u00b7lades al seu dispositiu mitjan\u00e7ant la configuraci\u00f3 del seu navegador (com ara Chrome, Firefox, Safari, Explorer, entre d\u2019altres).<\/p>\n\n\n\n<p>Els procediments per rebutjar i eliminar les cookies poden variar segons el navegador. En conseq\u00fc\u00e8ncia, l\u2019Usuari haur\u00e0 de consultar les instruccions del navegador que utilitzi.<\/p>\n\n\n\n<p>En el cas que l\u2019Usuari rebutgi l\u2019\u00fas de cookies \u2014totalment o parcialment\u2014, podr\u00e0 continuar utilitzant el Lloc Web, per\u00f2 <strong>algunes de les seves funcionalitats poden veure\u2019s limitades.<\/strong><\/p>\n","protected":false},"excerpt":{"rendered":"<p>www.bagesland.cat L\u2019acc\u00e9s a aquest Lloc Web pot implicar la utilitzaci\u00f3 de cookies. Les cookies s\u00f3n petites quantitats d\u2019informaci\u00f3 que s\u2019emmagatzemen al navegador utilitzat per cada Usuari \u2014en els diferents dispositius que pugui utilitzar per navegar\u2014 perqu\u00e8 el servidor recordi certa informaci\u00f3 que posteriorment i \u00fanicament el servidor que la va implementar llegir\u00e0. Les cookies faciliten [&hellip;]<\/p>\n","protected":false},"author":1,"featured_media":0,"parent":0,"menu_order":0,"comment_status":"closed","ping_status":"closed","template":"","meta":{"site-container-style":"default","site-container-layout":"default","site-sidebar-layout":"default","disable-article-header":"default","disable-site-header":"default","disable-site-footer":"default","disable-content-area-spacing":"default","footnotes":""},"yoast_head":"<!-- This site is optimized with the Yoast SEO plugin v21.8 - https:\/\/yoast.com\/wordpress\/plugins\/seo\/ -->\n<title>Pol\u00edtica de Cookies - BAGESLAND<\/title>\n<meta name=\"robots\" content=\"noindex, follow\" \/>\n<meta property=\"og:locale\" content=\"es_ES\" \/>\n<meta property=\"og:type\" content=\"article\" \/>\n<meta property=\"og:title\" content=\"Pol\u00edtica de Cookies - BAGESLAND\" \/>\n<meta property=\"og:description\" content=\"www.bagesland.cat L\u2019acc\u00e9s a aquest Lloc Web pot implicar la utilitzaci\u00f3 de cookies. Les cookies s\u00f3n petites quantitats d\u2019informaci\u00f3 que s\u2019emmagatzemen al navegador utilitzat per cada Usuari \u2014en els diferents dispositius que pugui utilitzar per navegar\u2014 perqu\u00e8 el servidor recordi certa informaci\u00f3 que posteriorment i \u00fanicament el servidor que la va implementar llegir\u00e0. Les cookies faciliten [&hellip;]\" \/>\n<meta property=\"og:url\" content=\"https:\/\/bagesland.cat\/index.php\/politica-de-cookies\/\" \/>\n<meta property=\"og:site_name\" content=\"BAGESLAND\" \/>\n<meta property=\"article:modified_time\" content=\"2025-11-11T16:27:59+00:00\" \/>\n<meta property=\"og:image\" content=\"https:\/\/bagesland.cat\/wp-content\/uploads\/2024\/01\/BAGESLAND-1024x576.png\" \/>\n\t<meta property=\"og:image:width\" content=\"1024\" \/>\n\t<meta property=\"og:image:height\" content=\"576\" \/>\n\t<meta property=\"og:image:type\" content=\"image\/png\" \/>\n<meta name=\"twitter:card\" content=\"summary_large_image\" \/>\n<meta name=\"twitter:label1\" content=\"Tiempo de lectura\" \/>\n\t<meta name=\"twitter:data1\" content=\"4 minutos\" \/>\n<script type=\"application\/ld+json\" class=\"yoast-schema-graph\">{\"@context\":\"https:\/\/schema.org\",\"@graph\":[{\"@type\":\"WebPage\",\"@id\":\"https:\/\/bagesland.cat\/index.php\/politica-de-cookies\/\",\"url\":\"https:\/\/bagesland.cat\/index.php\/politica-de-cookies\/\",\"name\":\"Pol\u00edtica de Cookies - BAGESLAND\",\"isPartOf\":{\"@id\":\"https:\/\/bagesland.cat\/#website\"},\"datePublished\":\"2025-11-11T16:27:58+00:00\",\"dateModified\":\"2025-11-11T16:27:59+00:00\",\"breadcrumb\":{\"@id\":\"https:\/\/bagesland.cat\/index.php\/politica-de-cookies\/#breadcrumb\"},\"inLanguage\":\"es\",\"potentialAction\":[{\"@type\":\"ReadAction\",\"target\":[\"https:\/\/bagesland.cat\/index.php\/politica-de-cookies\/\"]}]},{\"@type\":\"BreadcrumbList\",\"@id\":\"https:\/\/bagesland.cat\/index.php\/politica-de-cookies\/#breadcrumb\",\"itemListElement\":[{\"@type\":\"ListItem\",\"position\":1,\"name\":\"Portada\",\"item\":\"https:\/\/bagesland.cat\/\"},{\"@type\":\"ListItem\",\"position\":2,\"name\":\"Pol\u00edtica de Cookies\"}]},{\"@type\":\"WebSite\",\"@id\":\"https:\/\/bagesland.cat\/#website\",\"url\":\"https:\/\/bagesland.cat\/\",\"name\":\"BAGESLAND\",\"description\":\"\",\"publisher\":{\"@id\":\"https:\/\/bagesland.cat\/#organization\"},\"alternateName\":\"Bagesland\",\"potentialAction\":[{\"@type\":\"SearchAction\",\"target\":{\"@type\":\"EntryPoint\",\"urlTemplate\":\"https:\/\/bagesland.cat\/?s={search_term_string}\"},\"query-input\":\"required name=search_term_string\"}],\"inLanguage\":\"es\"},{\"@type\":\"Organization\",\"@id\":\"https:\/\/bagesland.cat\/#organization\",\"name\":\"BAGESLAND\",\"url\":\"https:\/\/bagesland.cat\/\",\"logo\":{\"@type\":\"ImageObject\",\"inLanguage\":\"es\",\"@id\":\"https:\/\/bagesland.cat\/#\/schema\/logo\/image\/\",\"url\":\"https:\/\/bagesland.cat\/wp-content\/uploads\/2024\/01\/BagesLandLogo.png\",\"contentUrl\":\"https:\/\/bagesland.cat\/wp-content\/uploads\/2024\/01\/BagesLandLogo.png\",\"width\":500,\"height\":500,\"caption\":\"BAGESLAND\"},\"image\":{\"@id\":\"https:\/\/bagesland.cat\/#\/schema\/logo\/image\/\"}}]}<\/script>\n<!-- \/ Yoast SEO plugin. -->","yoast_head_json":{"title":"Pol\u00edtica de Cookies - BAGESLAND","robots":{"index":"noindex","follow":"follow"},"og_locale":"es_ES","og_type":"article","og_title":"Pol\u00edtica de Cookies - BAGESLAND","og_description":"www.bagesland.cat L\u2019acc\u00e9s a aquest Lloc Web pot implicar la utilitzaci\u00f3 de cookies. Les cookies s\u00f3n petites quantitats d\u2019informaci\u00f3 que s\u2019emmagatzemen al navegador utilitzat per cada Usuari \u2014en els diferents dispositius que pugui utilitzar per navegar\u2014 perqu\u00e8 el servidor recordi certa informaci\u00f3 que posteriorment i \u00fanicament el servidor que la va implementar llegir\u00e0. Les cookies faciliten [&hellip;]","og_url":"https:\/\/bagesland.cat\/index.php\/politica-de-cookies\/","og_site_name":"BAGESLAND","article_modified_time":"2025-11-11T16:27:59+00:00","og_image":[{"width":1024,"height":576,"url":"https:\/\/bagesland.cat\/wp-content\/uploads\/2024\/01\/BAGESLAND-1024x576.png","type":"image\/png"}],"twitter_card":"summary_large_image","twitter_misc":{"Tiempo de lectura":"4 minutos"},"schema":{"@context":"https:\/\/schema.org","@graph":[{"@type":"WebPage","@id":"https:\/\/bagesland.cat\/index.php\/politica-de-cookies\/","url":"https:\/\/bagesland.cat\/index.php\/politica-de-cookies\/","name":"Pol\u00edtica de Cookies - BAGESLAND","isPartOf":{"@id":"https:\/\/bagesland.cat\/#website"},"datePublished":"2025-11-11T16:27:58+00:00","dateModified":"2025-11-11T16:27:59+00:00","breadcrumb":{"@id":"https:\/\/bagesland.cat\/index.php\/politica-de-cookies\/#breadcrumb"},"inLanguage":"es","potentialAction":[{"@type":"ReadAction","target":["https:\/\/bagesland.cat\/index.php\/politica-de-cookies\/"]}]},{"@type":"BreadcrumbList","@id":"https:\/\/bagesland.cat\/index.php\/politica-de-cookies\/#breadcrumb","itemListElement":[{"@type":"ListItem","position":1,"name":"Portada","item":"https:\/\/bagesland.cat\/"},{"@type":"ListItem","position":2,"name":"Pol\u00edtica de Cookies"}]},{"@type":"WebSite","@id":"https:\/\/bagesland.cat\/#website","url":"https:\/\/bagesland.cat\/","name":"BAGESLAND","description":"","publisher":{"@id":"https:\/\/bagesland.cat\/#organization"},"alternateName":"Bagesland","potentialAction":[{"@type":"SearchAction","target":{"@type":"EntryPoint","urlTemplate":"https:\/\/bagesland.cat\/?s={search_term_string}"},"query-input":"required name=search_term_string"}],"inLanguage":"es"},{"@type":"Organization","@id":"https:\/\/bagesland.cat\/#organization","name":"BAGESLAND","url":"https:\/\/bagesland.cat\/","logo":{"@type":"ImageObject","inLanguage":"es","@id":"https:\/\/bagesland.cat\/#\/schema\/logo\/image\/","url":"https:\/\/bagesland.cat\/wp-content\/uploads\/2024\/01\/BagesLandLogo.png","contentUrl":"https:\/\/bagesland.cat\/wp-content\/uploads\/2024\/01\/BagesLandLogo.png","width":500,"height":500,"caption":"BAGESLAND"},"image":{"@id":"https:\/\/bagesland.cat\/#\/schema\/logo\/image\/"}}]}},"_links":{"self":[{"href":"https:\/\/bagesland.cat\/index.php\/wp-json\/wp\/v2\/pages\/200"}],"collection":[{"href":"https:\/\/bagesland.cat\/index.php\/wp-json\/wp\/v2\/pages"}],"about":[{"href":"https:\/\/bagesland.cat\/index.php\/wp-json\/wp\/v2\/types\/page"}],"author":[{"embeddable":true,"href":"https:\/\/bagesland.cat\/index.php\/wp-json\/wp\/v2\/users\/1"}],"replies":[{"embeddable":true,"href":"https:\/\/bagesland.cat\/index.php\/wp-json\/wp\/v2\/comments?post=200"}],"version-history":[{"count":1,"href":"https:\/\/bagesland.cat\/index.php\/wp-json\/wp\/v2\/pages\/200\/revisions"}],"predecessor-version":[{"id":201,"href":"https:\/\/bagesland.cat\/index.php\/wp-json\/wp\/v2\/pages\/200\/revisions\/201"}],"wp:attachment":[{"href":"https:\/\/bagesland.cat\/index.php\/wp-json\/wp\/v2\/media?parent=200"}],"curies":[{"name":"wp","href":"https:\/\/api.w.org\/{rel}","templated":true}]}}