{"id":198,"date":"2025-11-11T17:26:20","date_gmt":"2025-11-11T16:26:20","guid":{"rendered":"https:\/\/bagesland.cat\/?page_id=198"},"modified":"2025-11-11T17:27:17","modified_gmt":"2025-11-11T16:27:17","slug":"avis-legal","status":"publish","type":"page","link":"https:\/\/bagesland.cat\/index.php\/avis-legal\/","title":{"rendered":"Av\u00eds Legal"},"content":{"rendered":"\n<h2 class=\"wp-block-heading\"><strong>AV\u00cdS LEGAL I CONDICIONS GENERALS D\u2019\u00daS<\/strong><\/h2>\n\n\n\n<p><a href=\"http:\/\/www.bagesland.cat\"><strong>www.bagesland.cat<\/strong><\/a><\/p>\n\n\n\n<h3 class=\"wp-block-heading\"><strong>I. INFORMACI\u00d3 GENERAL<\/strong><\/h3>\n\n\n\n<p>En compliment del deure d\u2019informaci\u00f3 disposat a la Llei 34\/2002 de Serveis de la Societat de la Informaci\u00f3 i del Comer\u00e7 Electr\u00f2nic (LSSI-CE) d\u201911 de juliol, es faciliten a continuaci\u00f3 les seg\u00fcents dades d\u2019informaci\u00f3 general d\u2019aquest lloc web:<\/p>\n\n\n\n<p>La titularitat d\u2019aquest lloc web,<a href=\"http:\/\/www.bagesland.cat\"> <strong>www.bagesland.cat<\/strong><\/a> (en endavant, el <em>Lloc Web<\/em>), l\u2019ostenta <strong>Ac Bages Land 2g SL<\/strong>, provista de <strong>NIF: B67065581<\/strong>, inscrita a , i el seu representant \u00e9s <strong>Xavier Pons Camps<\/strong>, amb les seg\u00fcents dades de contacte:<\/p>\n\n\n\n<p><strong>Adre\u00e7a:<\/strong> Pla\u00e7a Ajuntament 1, 08670 Nav\u00e0s<br><strong>Tel\u00e8fon de contacte:<\/strong> 609942303<br><strong>Fax:<\/strong> \u2014<br><strong>Correu electr\u00f2nic:<\/strong> xavierpons@coac.net<\/p>\n\n\n\n<hr class=\"wp-block-separator has-alpha-channel-opacity\"\/>\n\n\n\n<h3 class=\"wp-block-heading\"><strong>II. TERMINIS I CONDICIONS GENERALS D\u2019\u00daS<\/strong><\/h3>\n\n\n\n<h4 class=\"wp-block-heading\"><strong>Objecte de les condicions: el Lloc Web<\/strong><\/h4>\n\n\n\n<p>L\u2019objecte de les presents Condicions Generals d\u2019\u00das (en endavant, les <em>Condicions<\/em>) \u00e9s regular l\u2019acc\u00e9s i la utilitzaci\u00f3 del Lloc Web. A efectes de les presents Condicions s\u2019entendr\u00e0 com a Lloc Web: l\u2019aparen\u00e7a externa de les interf\u00edcies de pantalla, tant de forma est\u00e0tica com din\u00e0mica \u2014\u00e9s a dir, l\u2019arbre de navegaci\u00f3\u2014 i tots els elements integrats tant en les interf\u00edcies com en l\u2019arbre de navegaci\u00f3 (en endavant, <em>Continguts<\/em>), aix\u00ed com tots aquells serveis o recursos en l\u00ednia que, si escau, s\u2019ofereixin als Usuaris (en endavant, <em>Serveis<\/em>).<\/p>\n\n\n\n<p><strong>Bages Land<\/strong> es reserva la facultat de modificar, en qualsevol moment i sense av\u00eds previ, la presentaci\u00f3 i configuraci\u00f3 del Lloc Web, aix\u00ed com dels Continguts i Serveis que hi puguin estar incorporats. L\u2019Usuari reconeix i accepta que en qualsevol moment <strong>Bages Land<\/strong> pugui interrompre, desactivar i\/o cancel\u00b7lar qualsevol d\u2019aquests elements que s\u2019integren al Lloc Web o l\u2019acc\u00e9s als mateixos.<\/p>\n\n\n\n<p>L\u2019acc\u00e9s al Lloc Web per part de l\u2019Usuari t\u00e9 car\u00e0cter lliure i, per regla general, \u00e9s gratu\u00eft, sense que l\u2019Usuari hagi d\u2019oferir cap contraprestaci\u00f3 per poder gaudir-ne, excepte pel cost de connexi\u00f3 a trav\u00e9s de la xarxa de telecomunicacions proporcionada pel prove\u00efdor d\u2019acc\u00e9s contractat per l\u2019Usuari.<\/p>\n\n\n\n<p>A banda del cost de connexi\u00f3, alguns Continguts o Serveis oferts per <strong>Bages Land<\/strong> o, si escau, per tercers a trav\u00e9s del Lloc Web, poden estar subjectes a contractaci\u00f3 pr\u00e8via. En aquest cas, s\u2019especificar\u00e0 clarament i\/o es posaran a disposici\u00f3 de l\u2019Usuari les corresponents Condicions Generals o Particulars que en regulin l\u2019\u00fas.<\/p>\n\n\n\n<p>L\u2019\u00fas d\u2019alguns Continguts o Serveis del Lloc Web pot requerir la subscripci\u00f3 o registre previ de l\u2019Usuari.<br>L\u2019\u00fas dels Continguts no requereix subscripci\u00f3 ni registre previ.<\/p>\n\n\n\n<hr class=\"wp-block-separator has-alpha-channel-opacity\"\/>\n\n\n\n<h3 class=\"wp-block-heading\"><strong>L\u2019Usuari<\/strong><\/h3>\n\n\n\n<p>L\u2019acc\u00e9s, la navegaci\u00f3 i l\u2019\u00fas del Lloc Web, aix\u00ed com la participaci\u00f3 en espais d\u2019interacci\u00f3 entre Usuaris i <strong>Bages Land<\/strong> (comentaris, blogs, etc.) confereixen la condici\u00f3 d\u2019<em>Usuari<\/em>. A partir del moment que s\u2019inicia la navegaci\u00f3, s\u2019accepten totes les Condicions aqu\u00ed establertes, aix\u00ed com les seves modificacions posteriors, sense perjudici de l\u2019aplicaci\u00f3 de la normativa legal corresponent segons el cas.<\/p>\n\n\n\n<p>Per aquest motiu, <strong>es recomana a l\u2019Usuari llegir-les cada vegada que visiti el Lloc Web<\/strong>.<\/p>\n\n\n\n<p>El Lloc Web de <strong>Bages Land<\/strong> proporciona una gran diversitat d\u2019informaci\u00f3, serveis i dades. L\u2019Usuari assumeix la seva responsabilitat en fer-ne un \u00fas correcte. Aquesta responsabilitat s\u2019est\u00e9n a:<\/p>\n\n\n\n<ul>\n<li>L\u2019\u00fas de la informaci\u00f3, Continguts i\/o Serveis oferts per <strong>Bages Land<\/strong> sense que siguin contraris al que disposen aquestes Condicions, la Llei, la moral o l\u2019ordre p\u00fablic, o que puguin suposar una lesi\u00f3 dels drets de tercers o del bon funcionament del Lloc Web.<br><\/li>\n\n\n\n<li>La veracitat i licitud de les informacions aportades per l\u2019Usuari en els formularis establerts per <strong>Bages Land<\/strong> per accedir a determinats Continguts o Serveis. En tot cas, l\u2019Usuari haur\u00e0 de notificar immediatament a <strong>Bages Land<\/strong> qualsevol \u00fas indegut de la informaci\u00f3 registrada, com ara robatori, p\u00e8rdua o acc\u00e9s no autoritzat a identificadors o contrasenyes, per tal de procedir a la seva cancel\u00b7laci\u00f3 immediata.<br><\/li>\n<\/ul>\n\n\n\n<p><strong>Bages Land<\/strong> es reserva el dret de retirar aquells comentaris o aportacions que vulnerin la llei, el respecte a la dignitat de la persona, que siguin discriminatoris, xen\u00f2fobs, racistes, pornogr\u00e0fics, de <em>spamming<\/em>, que atemptin contra la joventut o la inf\u00e0ncia, l\u2019ordre o la seguretat p\u00fablica, o que, al seu parer, no siguin adequats per a la seva publicaci\u00f3.<\/p>\n\n\n\n<p>En qualsevol cas, <strong>Bages Land<\/strong> no ser\u00e0 responsable de les opinions expressades pels Usuaris a trav\u00e9s de comentaris o altres eines de participaci\u00f3.<\/p>\n\n\n\n<p>L\u2019acc\u00e9s al Lloc Web <strong>no suposa establir cap relaci\u00f3 comercial<\/strong> entre <strong>Bages Land<\/strong> i l\u2019Usuari.<br>L\u2019Usuari declara ser major d\u2019edat i disposar de capacitat jur\u00eddica suficient per vincular-se a les presents Condicions. Aquest Lloc Web <strong>no es dirigeix a menors d\u2019edat<\/strong>, i <strong>Bages Land<\/strong> declina qualsevol responsabilitat derivada de l\u2019incompliment d\u2019aquest requisit.<\/p>\n\n\n\n<p>El Lloc Web s\u2019adre\u00e7a principalment a Usuaris residents a Espanya. <strong>Bages Land<\/strong> no garanteix que compleixi amb la legislaci\u00f3 d\u2019altres pa\u00efsos. Els Usuaris que accedeixin des d\u2019altres territoris ho faran sota la seva pr\u00f2pia responsabilitat.<\/p>\n\n\n\n<hr class=\"wp-block-separator has-alpha-channel-opacity\"\/>\n\n\n\n<h3 class=\"wp-block-heading\"><strong>III. ACC\u00c9S I NAVEGACI\u00d3 AL LLOC WEB: EXCLUSI\u00d3 DE GARANTIES I RESPONSABILITAT<\/strong><\/h3>\n\n\n\n<p><strong>Bages Land<\/strong> no garanteix la continu\u00eftat, disponibilitat ni utilitat del Lloc Web, ni dels Continguts o Serveis. Tot i que far\u00e0 tot el possible per assegurar-ne el bon funcionament, <strong>no es responsabilitza<\/strong> ni garanteix que l\u2019acc\u00e9s sigui ininterromput o lliure d\u2019errors.<\/p>\n\n\n\n<p>Tampoc garanteix que el contingut o el programari accessible des del Lloc Web estigui lliure d\u2019errors o pugui causar danys al sistema inform\u00e0tic (programari o maquinari) de l\u2019Usuari. En cap cas <strong>Bages Land<\/strong> ser\u00e0 responsable de p\u00e8rdues o danys derivats de l\u2019acc\u00e9s, navegaci\u00f3 o \u00fas del Lloc Web, incloent-hi els provocats per virus o fallades de connexi\u00f3.<\/p>\n\n\n\n<p><strong>Bages Land<\/strong> tampoc ser\u00e0 responsable dels danys ocasionats per un \u00fas inadequat del Lloc Web ni de les interrupcions o defici\u00e8ncies de telecomunicacions.<\/p>\n\n\n\n<hr class=\"wp-block-separator has-alpha-channel-opacity\"\/>\n\n\n\n<h3 class=\"wp-block-heading\"><strong>IV. POL\u00cdTICA D\u2019ENLLA\u00c7OS<\/strong><\/h3>\n\n\n\n<p>El Lloc Web de <strong>Bages Land<\/strong> pot posar a disposici\u00f3 dels Usuaris mitjans d\u2019enlla\u00e7 (com ara links, b\u00e0ners o botons), directoris i motors de cerca que permetin accedir a llocs web de tercers.<\/p>\n\n\n\n<p>La instal\u00b7laci\u00f3 d\u2019aquests enlla\u00e7os t\u00e9 com a \u00fanic objectiu facilitar la cerca d\u2019informaci\u00f3 disponible a Internet, <strong>sense que aix\u00f2 impliqui una recomanaci\u00f3 o invitaci\u00f3<\/strong> a visitar-los.<\/p>\n\n\n\n<p><strong>Bages Land<\/strong> no ofereix ni comercialitza, ni directament ni per mitj\u00e0 de tercers, els productes o serveis disponibles en aquests llocs enlla\u00e7ats. Tampoc garanteix la veracitat, exactitud o disponibilitat t\u00e8cnica dels llocs de tercers, ni en revisa o controla el contingut.<\/p>\n\n\n\n<p><strong>Bages Land<\/strong> no assumeix cap responsabilitat pels danys que puguin derivar-se de l\u2019acc\u00e9s, \u00fas, qualitat o licitud dels continguts, opinions, productes o serveis dels llocs no gestionats per ella mateixa.<\/p>\n\n\n\n<p>Els tercers que estableixin un <strong>hipervincle<\/strong> amb aquest Lloc Web hauran de saber que:<\/p>\n\n\n\n<ul>\n<li>No es permet la reproducci\u00f3 total o parcial dels Continguts o Serveis sense autoritzaci\u00f3 expressa.<br><\/li>\n\n\n\n<li>No es poden fer manifestacions falses o inexactes sobre el Lloc Web o els seus Continguts.<br><\/li>\n\n\n\n<li>L\u2019establiment del vincle <strong>no implica cap relaci\u00f3<\/strong> entre <strong>Bages Land<\/strong> i el titular del lloc web des d\u2019on s\u2019estableixi.<br><\/li>\n<\/ul>\n\n\n\n<hr class=\"wp-block-separator has-alpha-channel-opacity\"\/>\n\n\n\n<h3 class=\"wp-block-heading\"><strong>V. PROPIETAT INTEL\u00b7LECTUAL I INDUSTRIAL<\/strong><\/h3>\n\n\n\n<p><strong>Bages Land<\/strong>, per si o com a cession\u00e0ria, \u00e9s titular de tots els drets de propietat intel\u00b7lectual i industrial del Lloc Web i dels elements que el componen (imatges, \u00e0udio, v\u00eddeo, programari, textos, marques, logotips, combinacions de colors, estructura i disseny, etc.).<\/p>\n\n\n\n<p>Tots aquests elements estan protegits per la legislaci\u00f3 espanyola i internacional sobre propietat intel\u00b7lectual. Queda <strong>expressament prohibida<\/strong> la reproducci\u00f3, distribuci\u00f3 o comunicaci\u00f3 p\u00fablica total o parcial dels continguts del Lloc Web amb fins comercials, en qualsevol suport i per qualsevol mitj\u00e0 t\u00e8cnic, sense l\u2019autoritzaci\u00f3 pr\u00e8via de <strong>Bages Land<\/strong>.<\/p>\n\n\n\n<p>L\u2019Usuari es compromet a respectar aquests drets i podr\u00e0 visualitzar els elements del Lloc Web o guardar-los per a \u00fas personal, per\u00f2 <strong>no podr\u00e0 alterar ni eliminar<\/strong> cap sistema de protecci\u00f3 o seguretat instal\u00b7lat.<\/p>\n\n\n\n<p>Si un Usuari o tercer considera que algun Contingut suposa una violaci\u00f3 dels drets de propietat intel\u00b7lectual, haur\u00e0 de comunicar-ho immediatament a <strong>Bages Land<\/strong> mitjan\u00e7ant les dades de contacte indicades a l\u2019apartat d\u2019<strong>Informaci\u00f3 general<\/strong>.<\/p>\n\n\n\n<hr class=\"wp-block-separator has-alpha-channel-opacity\"\/>\n\n\n\n<h3 class=\"wp-block-heading\"><strong>VI. ACCIONS LEGALS, LEGISLACI\u00d3 APLICABLE I JURISDICCI\u00d3<\/strong><\/h3>\n\n\n\n<p><strong>Bages Land<\/strong> es reserva la facultat d\u2019exercir les accions civils o penals que consideri necess\u00e0ries per l\u2019\u00fas indegut del Lloc Web o dels seus Continguts, o pel compliment incorrecte de les presents Condicions.<\/p>\n\n\n\n<p>La relaci\u00f3 entre l\u2019Usuari i <strong>Bages Land<\/strong> es regir\u00e0 per la normativa vigent a Espanya. En cas de controv\u00e8rsia sobre la interpretaci\u00f3 o aplicaci\u00f3 d\u2019aquestes Condicions, les parts se sotmetran als <strong>jutjats i tribunals competents d\u2019acord amb el dret aplicable.<\/strong><\/p>\n","protected":false},"excerpt":{"rendered":"<p>AV\u00cdS LEGAL I CONDICIONS GENERALS D\u2019\u00daS www.bagesland.cat I. INFORMACI\u00d3 GENERAL En compliment del deure d\u2019informaci\u00f3 disposat a la Llei 34\/2002 de Serveis de la Societat de la Informaci\u00f3 i del Comer\u00e7 Electr\u00f2nic (LSSI-CE) d\u201911 de juliol, es faciliten a continuaci\u00f3 les seg\u00fcents dades d\u2019informaci\u00f3 general d\u2019aquest lloc web: La titularitat d\u2019aquest lloc web, www.bagesland.cat (en [&hellip;]<\/p>\n","protected":false},"author":1,"featured_media":0,"parent":0,"menu_order":0,"comment_status":"closed","ping_status":"closed","template":"","meta":{"site-container-style":"default","site-container-layout":"default","site-sidebar-layout":"default","disable-article-header":"default","disable-site-header":"default","disable-site-footer":"default","disable-content-area-spacing":"default","footnotes":""},"yoast_head":"<!-- This site is optimized with the Yoast SEO plugin v21.8 - https:\/\/yoast.com\/wordpress\/plugins\/seo\/ -->\n<title>Av\u00eds Legal - BAGESLAND<\/title>\n<meta name=\"robots\" content=\"noindex, follow\" \/>\n<meta property=\"og:locale\" content=\"es_ES\" \/>\n<meta property=\"og:type\" content=\"article\" \/>\n<meta property=\"og:title\" content=\"Av\u00eds Legal - BAGESLAND\" \/>\n<meta property=\"og:description\" content=\"AV\u00cdS LEGAL I CONDICIONS GENERALS D\u2019\u00daS www.bagesland.cat I. INFORMACI\u00d3 GENERAL En compliment del deure d\u2019informaci\u00f3 disposat a la Llei 34\/2002 de Serveis de la Societat de la Informaci\u00f3 i del Comer\u00e7 Electr\u00f2nic (LSSI-CE) d\u201911 de juliol, es faciliten a continuaci\u00f3 les seg\u00fcents dades d\u2019informaci\u00f3 general d\u2019aquest lloc web: La titularitat d\u2019aquest lloc web, www.bagesland.cat (en [&hellip;]\" \/>\n<meta property=\"og:url\" content=\"https:\/\/bagesland.cat\/index.php\/avis-legal\/\" \/>\n<meta property=\"og:site_name\" content=\"BAGESLAND\" \/>\n<meta property=\"article:modified_time\" content=\"2025-11-11T16:27:17+00:00\" \/>\n<meta property=\"og:image\" content=\"https:\/\/bagesland.cat\/wp-content\/uploads\/2024\/01\/BAGESLAND-1024x576.png\" \/>\n\t<meta property=\"og:image:width\" content=\"1024\" \/>\n\t<meta property=\"og:image:height\" content=\"576\" \/>\n\t<meta property=\"og:image:type\" content=\"image\/png\" \/>\n<meta name=\"twitter:card\" content=\"summary_large_image\" \/>\n<meta name=\"twitter:label1\" content=\"Tiempo de lectura\" \/>\n\t<meta name=\"twitter:data1\" content=\"7 minutos\" \/>\n<script type=\"application\/ld+json\" class=\"yoast-schema-graph\">{\"@context\":\"https:\/\/schema.org\",\"@graph\":[{\"@type\":\"WebPage\",\"@id\":\"https:\/\/bagesland.cat\/index.php\/avis-legal\/\",\"url\":\"https:\/\/bagesland.cat\/index.php\/avis-legal\/\",\"name\":\"Av\u00eds Legal - BAGESLAND\",\"isPartOf\":{\"@id\":\"https:\/\/bagesland.cat\/#website\"},\"datePublished\":\"2025-11-11T16:26:20+00:00\",\"dateModified\":\"2025-11-11T16:27:17+00:00\",\"breadcrumb\":{\"@id\":\"https:\/\/bagesland.cat\/index.php\/avis-legal\/#breadcrumb\"},\"inLanguage\":\"es\",\"potentialAction\":[{\"@type\":\"ReadAction\",\"target\":[\"https:\/\/bagesland.cat\/index.php\/avis-legal\/\"]}]},{\"@type\":\"BreadcrumbList\",\"@id\":\"https:\/\/bagesland.cat\/index.php\/avis-legal\/#breadcrumb\",\"itemListElement\":[{\"@type\":\"ListItem\",\"position\":1,\"name\":\"Portada\",\"item\":\"https:\/\/bagesland.cat\/\"},{\"@type\":\"ListItem\",\"position\":2,\"name\":\"Av\u00eds Legal\"}]},{\"@type\":\"WebSite\",\"@id\":\"https:\/\/bagesland.cat\/#website\",\"url\":\"https:\/\/bagesland.cat\/\",\"name\":\"BAGESLAND\",\"description\":\"\",\"publisher\":{\"@id\":\"https:\/\/bagesland.cat\/#organization\"},\"alternateName\":\"Bagesland\",\"potentialAction\":[{\"@type\":\"SearchAction\",\"target\":{\"@type\":\"EntryPoint\",\"urlTemplate\":\"https:\/\/bagesland.cat\/?s={search_term_string}\"},\"query-input\":\"required name=search_term_string\"}],\"inLanguage\":\"es\"},{\"@type\":\"Organization\",\"@id\":\"https:\/\/bagesland.cat\/#organization\",\"name\":\"BAGESLAND\",\"url\":\"https:\/\/bagesland.cat\/\",\"logo\":{\"@type\":\"ImageObject\",\"inLanguage\":\"es\",\"@id\":\"https:\/\/bagesland.cat\/#\/schema\/logo\/image\/\",\"url\":\"https:\/\/bagesland.cat\/wp-content\/uploads\/2024\/01\/BagesLandLogo.png\",\"contentUrl\":\"https:\/\/bagesland.cat\/wp-content\/uploads\/2024\/01\/BagesLandLogo.png\",\"width\":500,\"height\":500,\"caption\":\"BAGESLAND\"},\"image\":{\"@id\":\"https:\/\/bagesland.cat\/#\/schema\/logo\/image\/\"}}]}<\/script>\n<!-- \/ Yoast SEO plugin. -->","yoast_head_json":{"title":"Av\u00eds Legal - BAGESLAND","robots":{"index":"noindex","follow":"follow"},"og_locale":"es_ES","og_type":"article","og_title":"Av\u00eds Legal - BAGESLAND","og_description":"AV\u00cdS LEGAL I CONDICIONS GENERALS D\u2019\u00daS www.bagesland.cat I. INFORMACI\u00d3 GENERAL En compliment del deure d\u2019informaci\u00f3 disposat a la Llei 34\/2002 de Serveis de la Societat de la Informaci\u00f3 i del Comer\u00e7 Electr\u00f2nic (LSSI-CE) d\u201911 de juliol, es faciliten a continuaci\u00f3 les seg\u00fcents dades d\u2019informaci\u00f3 general d\u2019aquest lloc web: La titularitat d\u2019aquest lloc web, www.bagesland.cat (en [&hellip;]","og_url":"https:\/\/bagesland.cat\/index.php\/avis-legal\/","og_site_name":"BAGESLAND","article_modified_time":"2025-11-11T16:27:17+00:00","og_image":[{"width":1024,"height":576,"url":"https:\/\/bagesland.cat\/wp-content\/uploads\/2024\/01\/BAGESLAND-1024x576.png","type":"image\/png"}],"twitter_card":"summary_large_image","twitter_misc":{"Tiempo de lectura":"7 minutos"},"schema":{"@context":"https:\/\/schema.org","@graph":[{"@type":"WebPage","@id":"https:\/\/bagesland.cat\/index.php\/avis-legal\/","url":"https:\/\/bagesland.cat\/index.php\/avis-legal\/","name":"Av\u00eds Legal - BAGESLAND","isPartOf":{"@id":"https:\/\/bagesland.cat\/#website"},"datePublished":"2025-11-11T16:26:20+00:00","dateModified":"2025-11-11T16:27:17+00:00","breadcrumb":{"@id":"https:\/\/bagesland.cat\/index.php\/avis-legal\/#breadcrumb"},"inLanguage":"es","potentialAction":[{"@type":"ReadAction","target":["https:\/\/bagesland.cat\/index.php\/avis-legal\/"]}]},{"@type":"BreadcrumbList","@id":"https:\/\/bagesland.cat\/index.php\/avis-legal\/#breadcrumb","itemListElement":[{"@type":"ListItem","position":1,"name":"Portada","item":"https:\/\/bagesland.cat\/"},{"@type":"ListItem","position":2,"name":"Av\u00eds Legal"}]},{"@type":"WebSite","@id":"https:\/\/bagesland.cat\/#website","url":"https:\/\/bagesland.cat\/","name":"BAGESLAND","description":"","publisher":{"@id":"https:\/\/bagesland.cat\/#organization"},"alternateName":"Bagesland","potentialAction":[{"@type":"SearchAction","target":{"@type":"EntryPoint","urlTemplate":"https:\/\/bagesland.cat\/?s={search_term_string}"},"query-input":"required name=search_term_string"}],"inLanguage":"es"},{"@type":"Organization","@id":"https:\/\/bagesland.cat\/#organization","name":"BAGESLAND","url":"https:\/\/bagesland.cat\/","logo":{"@type":"ImageObject","inLanguage":"es","@id":"https:\/\/bagesland.cat\/#\/schema\/logo\/image\/","url":"https:\/\/bagesland.cat\/wp-content\/uploads\/2024\/01\/BagesLandLogo.png","contentUrl":"https:\/\/bagesland.cat\/wp-content\/uploads\/2024\/01\/BagesLandLogo.png","width":500,"height":500,"caption":"BAGESLAND"},"image":{"@id":"https:\/\/bagesland.cat\/#\/schema\/logo\/image\/"}}]}},"_links":{"self":[{"href":"https:\/\/bagesland.cat\/index.php\/wp-json\/wp\/v2\/pages\/198"}],"collection":[{"href":"https:\/\/bagesland.cat\/index.php\/wp-json\/wp\/v2\/pages"}],"about":[{"href":"https:\/\/bagesland.cat\/index.php\/wp-json\/wp\/v2\/types\/page"}],"author":[{"embeddable":true,"href":"https:\/\/bagesland.cat\/index.php\/wp-json\/wp\/v2\/users\/1"}],"replies":[{"embeddable":true,"href":"https:\/\/bagesland.cat\/index.php\/wp-json\/wp\/v2\/comments?post=198"}],"version-history":[{"count":1,"href":"https:\/\/bagesland.cat\/index.php\/wp-json\/wp\/v2\/pages\/198\/revisions"}],"predecessor-version":[{"id":199,"href":"https:\/\/bagesland.cat\/index.php\/wp-json\/wp\/v2\/pages\/198\/revisions\/199"}],"wp:attachment":[{"href":"https:\/\/bagesland.cat\/index.php\/wp-json\/wp\/v2\/media?parent=198"}],"curies":[{"name":"wp","href":"https:\/\/api.w.org\/{rel}","templated":true}]}}