{"id":171,"date":"2024-01-28T15:40:19","date_gmt":"2024-01-28T14:40:19","guid":{"rendered":"https:\/\/bagesland.cat\/?page_id=171"},"modified":"2024-01-28T15:44:11","modified_gmt":"2024-01-28T14:44:11","slug":"manresa","status":"publish","type":"page","link":"https:\/\/bagesland.cat\/index.php\/manresa\/","title":{"rendered":"Manresa"},"content":{"rendered":"\t\t<div data-elementor-type=\"wp-page\" data-elementor-id=\"171\" class=\"elementor elementor-171\" data-elementor-post-type=\"page\">\n\t\t\t\t\t\t\t<div class=\"elementor-element elementor-element-2ac4a37 e-flex e-con-boxed e-con e-parent\" data-id=\"2ac4a37\" data-element_type=\"container\" data-settings=\"{&quot;content_width&quot;:&quot;boxed&quot;}\" data-core-v316-plus=\"true\">\n\t\t\t\t\t<div class=\"e-con-inner\">\n\t\t\t\t<div class=\"elementor-element elementor-element-9eb3e37 elementor-widget elementor-widget-text-editor\" data-id=\"9eb3e37\" data-element_type=\"widget\" data-widget_type=\"text-editor.default\">\n\t\t\t\t<div class=\"elementor-widget-container\">\n\t\t\t<style>\/*! elementor - v3.18.0 - 20-12-2023 *\/\n.elementor-widget-text-editor.elementor-drop-cap-view-stacked .elementor-drop-cap{background-color:#69727d;color:#fff}.elementor-widget-text-editor.elementor-drop-cap-view-framed .elementor-drop-cap{color:#69727d;border:3px solid;background-color:transparent}.elementor-widget-text-editor:not(.elementor-drop-cap-view-default) .elementor-drop-cap{margin-top:8px}.elementor-widget-text-editor:not(.elementor-drop-cap-view-default) .elementor-drop-cap-letter{width:1em;height:1em}.elementor-widget-text-editor .elementor-drop-cap{float:left;text-align:center;line-height:1;font-size:50px}.elementor-widget-text-editor .elementor-drop-cap-letter{display:inline-block}<\/style>\t\t\t\t<p>Benvinguts a la nostra oferta <strong>solars residencials<\/strong> edificables a Manresa, la capital de la comarca del Bages, situada a la provincia de <strong>Barcelona<\/strong>. Amb una ubicaci\u00f3 privilegiada propera a la capital catalana i un entorn natural pr\u00f2xim encantador (Montserrat i el Pla de Bages), els solars que tenim disponibles ofereixen una <strong>oportunitat \u00fanica<\/strong> per construir la teva llar.<\/p><p>Aquesta ciutat situada a prop de <span style=\"text-decoration: underline;\"><em>\u00a0Barcelona<\/em><\/span> ofereix una combinaci\u00f3 perfecte <strong>serveis i tranquil\u00b7litat<\/strong>. Manresa ofereix una gran varietat d&#8217;opcions per satisfer les teves necessitats i expectatives.<\/p>\t\t\t\t\t\t<\/div>\n\t\t\t\t<\/div>\n\t\t\t\t\t<\/div>\n\t\t\t\t<\/div>\n\t\t<div class=\"elementor-element elementor-element-d118b43 e-flex e-con-boxed e-con e-parent\" data-id=\"d118b43\" data-element_type=\"container\" data-settings=\"{&quot;content_width&quot;:&quot;boxed&quot;}\" data-core-v316-plus=\"true\">\n\t\t\t\t\t<div class=\"e-con-inner\">\n\t\t\t\t<div class=\"elementor-element elementor-element-d0f699b elementor-grid-3 elementor-grid-tablet-2 elementor-grid-mobile-1 elementor-posts--thumbnail-top elementor-widget elementor-widget-posts\" data-id=\"d0f699b\" data-element_type=\"widget\" data-settings=\"{&quot;classic_columns&quot;:&quot;3&quot;,&quot;classic_columns_tablet&quot;:&quot;2&quot;,&quot;classic_columns_mobile&quot;:&quot;1&quot;,&quot;classic_row_gap&quot;:{&quot;unit&quot;:&quot;px&quot;,&quot;size&quot;:35,&quot;sizes&quot;:[]},&quot;classic_row_gap_tablet&quot;:{&quot;unit&quot;:&quot;px&quot;,&quot;size&quot;:&quot;&quot;,&quot;sizes&quot;:[]},&quot;classic_row_gap_mobile&quot;:{&quot;unit&quot;:&quot;px&quot;,&quot;size&quot;:&quot;&quot;,&quot;sizes&quot;:[]}}\" data-widget_type=\"posts.classic\">\n\t\t\t\t<div class=\"elementor-widget-container\">\n\t\t\t<link rel=\"stylesheet\" href=\"https:\/\/bagesland.cat\/wp-content\/plugins\/pro-elements\/assets\/css\/widget-posts.min.css\">\t\t<div class=\"elementor-posts-container elementor-posts elementor-posts--skin-classic elementor-grid\">\n\t\t\t\t<article class=\"elementor-post elementor-grid-item post-163 post type-post status-publish format-standard has-post-thumbnail hentry category-venda tag-manresa\">\n\t\t\t\t<a class=\"elementor-post__thumbnail__link\" href=\"https:\/\/bagesland.cat\/index.php\/2024\/01\/28\/sol-residencial-manresa-abat-oliba\/\" tabindex=\"-1\" >\n\t\t\t<div class=\"elementor-post__thumbnail\"><img fetchpriority=\"high\" decoding=\"async\" width=\"300\" height=\"222\" src=\"https:\/\/bagesland.cat\/wp-content\/uploads\/2024\/01\/Picture2-300x222.png\" class=\"attachment-medium size-medium wp-image-166\" alt=\"Terreny residencial Manresa\" srcset=\"https:\/\/bagesland.cat\/wp-content\/uploads\/2024\/01\/Picture2-300x222.png 300w, https:\/\/bagesland.cat\/wp-content\/uploads\/2024\/01\/Picture2.png 709w\" sizes=\"(max-width: 300px) 100vw, 300px\" \/><\/div>\n\t\t<\/a>\n\t\t\t\t<div class=\"elementor-post__text\">\n\t\t\t\t<h3 class=\"elementor-post__title\">\n\t\t\t<a href=\"https:\/\/bagesland.cat\/index.php\/2024\/01\/28\/sol-residencial-manresa-abat-oliba\/\" >\n\t\t\t\tS\u00f2l residencial (1740m\u00b2) a Manresa\t\t\t<\/a>\n\t\t<\/h3>\n\t\t\t\t<div class=\"elementor-post__meta-data\">\n\t\t\t\t\t<span class=\"elementor-post-date\">\n\t\t\t28 de enero de 2024\t\t<\/span>\n\t\t\t\t<span class=\"elementor-post-avatar\">\n\t\t\tNo hay comentarios\t\t<\/span>\n\t\t\t\t<\/div>\n\t\t\n\t\t<a class=\"elementor-post__read-more\" href=\"https:\/\/bagesland.cat\/index.php\/2024\/01\/28\/sol-residencial-manresa-abat-oliba\/\" aria-label=\"Read more about S\u00f2l residencial (1740m\u00b2) a Manresa\" tabindex=\"-1\" >\n\t\t\tRead More \u00bb\t\t<\/a>\n\n\t\t\t\t<\/div>\n\t\t\t\t<\/article>\n\t\t\t\t<\/div>\n\t\t\n\t\t\t\t<\/div>\n\t\t\t\t<\/div>\n\t\t\t\t\t<\/div>\n\t\t\t\t<\/div>\n\t\t<div class=\"elementor-element elementor-element-7186f1a e-flex e-con-boxed e-con e-parent\" data-id=\"7186f1a\" data-element_type=\"container\" data-settings=\"{&quot;content_width&quot;:&quot;boxed&quot;}\" data-core-v316-plus=\"true\">\n\t\t\t\t\t<div class=\"e-con-inner\">\n\t\t\t\t<div class=\"elementor-element elementor-element-1421763 elementor-widget elementor-widget-google_maps\" data-id=\"1421763\" data-element_type=\"widget\" data-widget_type=\"google_maps.default\">\n\t\t\t\t<div class=\"elementor-widget-container\">\n\t\t\t<style>\/*! elementor - v3.18.0 - 20-12-2023 *\/\n.elementor-widget-google_maps .elementor-widget-container{overflow:hidden}.elementor-widget-google_maps .elementor-custom-embed{line-height:0}.elementor-widget-google_maps iframe{height:300px}<\/style>\t\t<div class=\"elementor-custom-embed\">\n\t\t\t<iframe loading=\"lazy\"\n\t\t\t\t\tsrc=\"https:\/\/maps.google.com\/maps?q=Manresa%2C%20Bages&#038;t=m&#038;z=14&#038;output=embed&#038;iwloc=near\"\n\t\t\t\t\ttitle=\"Manresa, Bages\"\n\t\t\t\t\taria-label=\"Manresa, Bages\"\n\t\t\t><\/iframe>\n\t\t<\/div>\n\t\t\t\t<\/div>\n\t\t\t\t<\/div>\n\t\t\t\t\t<\/div>\n\t\t\t\t<\/div>\n\t\t\t\t\t\t\t<\/div>\n\t\t","protected":false},"excerpt":{"rendered":"<p>Benvinguts a la nostra oferta solars residencials edificables a Manresa, la capital de la comarca del Bages, situada a la provincia de Barcelona. Amb una ubicaci\u00f3 privilegiada propera a la capital catalana i un entorn natural pr\u00f2xim encantador (Montserrat i el Pla de Bages), els solars que tenim disponibles ofereixen una oportunitat \u00fanica per construir la teva llar. Aquesta ciutat situada a prop de \u00a0Barcelona ofereix una combinaci\u00f3 perfecte serveis i tranquil\u00b7litat. Manresa ofereix una gran varietat d&#8217;opcions per satisfer les teves necessitats i expectatives.<\/p>\n","protected":false},"author":1,"featured_media":0,"parent":0,"menu_order":0,"comment_status":"closed","ping_status":"closed","template":"","meta":{"site-container-style":"default","site-container-layout":"default","site-sidebar-layout":"default","disable-article-header":"default","disable-site-header":"default","disable-site-footer":"default","disable-content-area-spacing":"default","footnotes":""},"yoast_head":"<!-- This site is optimized with the Yoast SEO plugin v21.8 - https:\/\/yoast.com\/wordpress\/plugins\/seo\/ -->\n<title>Manresa - BAGESLAND<\/title>\n<meta name=\"description\" content=\"Troba el terreny en venta a Nav\u00e0s ideal per tu. Construeix el teu futur en aquest poble encantador proper a Barcelona.\" \/>\n<meta name=\"robots\" content=\"index, follow, max-snippet:-1, max-image-preview:large, max-video-preview:-1\" \/>\n<link rel=\"canonical\" href=\"https:\/\/bagesland.cat\/index.php\/manresa\/\" \/>\n<meta property=\"og:locale\" content=\"es_ES\" \/>\n<meta property=\"og:type\" content=\"article\" \/>\n<meta property=\"og:title\" content=\"Manresa - BAGESLAND\" \/>\n<meta property=\"og:description\" content=\"Troba el terreny en venta a Nav\u00e0s ideal per tu. Construeix el teu futur en aquest poble encantador proper a Barcelona.\" \/>\n<meta property=\"og:url\" content=\"https:\/\/bagesland.cat\/index.php\/manresa\/\" \/>\n<meta property=\"og:site_name\" content=\"BAGESLAND\" \/>\n<meta property=\"article:modified_time\" content=\"2024-01-28T14:44:11+00:00\" \/>\n<meta property=\"og:image\" content=\"https:\/\/bagesland.cat\/wp-content\/uploads\/2024\/01\/BAGESLAND-1024x576.png\" \/>\n\t<meta property=\"og:image:width\" content=\"1024\" \/>\n\t<meta property=\"og:image:height\" content=\"576\" \/>\n\t<meta property=\"og:image:type\" content=\"image\/png\" \/>\n<meta name=\"twitter:card\" content=\"summary_large_image\" \/>\n<meta name=\"twitter:label1\" content=\"Tiempo de lectura\" \/>\n\t<meta name=\"twitter:data1\" content=\"1 minuto\" \/>\n<script type=\"application\/ld+json\" class=\"yoast-schema-graph\">{\"@context\":\"https:\/\/schema.org\",\"@graph\":[{\"@type\":\"WebPage\",\"@id\":\"https:\/\/bagesland.cat\/index.php\/manresa\/\",\"url\":\"https:\/\/bagesland.cat\/index.php\/manresa\/\",\"name\":\"Manresa - BAGESLAND\",\"isPartOf\":{\"@id\":\"https:\/\/bagesland.cat\/#website\"},\"datePublished\":\"2024-01-28T14:40:19+00:00\",\"dateModified\":\"2024-01-28T14:44:11+00:00\",\"description\":\"Troba el terreny en venta a Nav\u00e0s ideal per tu. Construeix el teu futur en aquest poble encantador proper a Barcelona.\",\"breadcrumb\":{\"@id\":\"https:\/\/bagesland.cat\/index.php\/manresa\/#breadcrumb\"},\"inLanguage\":\"es\",\"potentialAction\":[{\"@type\":\"ReadAction\",\"target\":[\"https:\/\/bagesland.cat\/index.php\/manresa\/\"]}]},{\"@type\":\"BreadcrumbList\",\"@id\":\"https:\/\/bagesland.cat\/index.php\/manresa\/#breadcrumb\",\"itemListElement\":[{\"@type\":\"ListItem\",\"position\":1,\"name\":\"Portada\",\"item\":\"https:\/\/bagesland.cat\/\"},{\"@type\":\"ListItem\",\"position\":2,\"name\":\"Manresa\"}]},{\"@type\":\"WebSite\",\"@id\":\"https:\/\/bagesland.cat\/#website\",\"url\":\"https:\/\/bagesland.cat\/\",\"name\":\"BAGESLAND\",\"description\":\"\",\"publisher\":{\"@id\":\"https:\/\/bagesland.cat\/#organization\"},\"alternateName\":\"Bagesland\",\"potentialAction\":[{\"@type\":\"SearchAction\",\"target\":{\"@type\":\"EntryPoint\",\"urlTemplate\":\"https:\/\/bagesland.cat\/?s={search_term_string}\"},\"query-input\":\"required name=search_term_string\"}],\"inLanguage\":\"es\"},{\"@type\":\"Organization\",\"@id\":\"https:\/\/bagesland.cat\/#organization\",\"name\":\"BAGESLAND\",\"url\":\"https:\/\/bagesland.cat\/\",\"logo\":{\"@type\":\"ImageObject\",\"inLanguage\":\"es\",\"@id\":\"https:\/\/bagesland.cat\/#\/schema\/logo\/image\/\",\"url\":\"https:\/\/bagesland.cat\/wp-content\/uploads\/2024\/01\/BagesLandLogo.png\",\"contentUrl\":\"https:\/\/bagesland.cat\/wp-content\/uploads\/2024\/01\/BagesLandLogo.png\",\"width\":500,\"height\":500,\"caption\":\"BAGESLAND\"},\"image\":{\"@id\":\"https:\/\/bagesland.cat\/#\/schema\/logo\/image\/\"}}]}<\/script>\n<!-- \/ Yoast SEO plugin. -->","yoast_head_json":{"title":"Manresa - BAGESLAND","description":"Troba el terreny en venta a Nav\u00e0s ideal per tu. Construeix el teu futur en aquest poble encantador proper a Barcelona.","robots":{"index":"index","follow":"follow","max-snippet":"max-snippet:-1","max-image-preview":"max-image-preview:large","max-video-preview":"max-video-preview:-1"},"canonical":"https:\/\/bagesland.cat\/index.php\/manresa\/","og_locale":"es_ES","og_type":"article","og_title":"Manresa - BAGESLAND","og_description":"Troba el terreny en venta a Nav\u00e0s ideal per tu. Construeix el teu futur en aquest poble encantador proper a Barcelona.","og_url":"https:\/\/bagesland.cat\/index.php\/manresa\/","og_site_name":"BAGESLAND","article_modified_time":"2024-01-28T14:44:11+00:00","og_image":[{"width":1024,"height":576,"url":"https:\/\/bagesland.cat\/wp-content\/uploads\/2024\/01\/BAGESLAND-1024x576.png","type":"image\/png"}],"twitter_card":"summary_large_image","twitter_misc":{"Tiempo de lectura":"1 minuto"},"schema":{"@context":"https:\/\/schema.org","@graph":[{"@type":"WebPage","@id":"https:\/\/bagesland.cat\/index.php\/manresa\/","url":"https:\/\/bagesland.cat\/index.php\/manresa\/","name":"Manresa - BAGESLAND","isPartOf":{"@id":"https:\/\/bagesland.cat\/#website"},"datePublished":"2024-01-28T14:40:19+00:00","dateModified":"2024-01-28T14:44:11+00:00","description":"Troba el terreny en venta a Nav\u00e0s ideal per tu. Construeix el teu futur en aquest poble encantador proper a Barcelona.","breadcrumb":{"@id":"https:\/\/bagesland.cat\/index.php\/manresa\/#breadcrumb"},"inLanguage":"es","potentialAction":[{"@type":"ReadAction","target":["https:\/\/bagesland.cat\/index.php\/manresa\/"]}]},{"@type":"BreadcrumbList","@id":"https:\/\/bagesland.cat\/index.php\/manresa\/#breadcrumb","itemListElement":[{"@type":"ListItem","position":1,"name":"Portada","item":"https:\/\/bagesland.cat\/"},{"@type":"ListItem","position":2,"name":"Manresa"}]},{"@type":"WebSite","@id":"https:\/\/bagesland.cat\/#website","url":"https:\/\/bagesland.cat\/","name":"BAGESLAND","description":"","publisher":{"@id":"https:\/\/bagesland.cat\/#organization"},"alternateName":"Bagesland","potentialAction":[{"@type":"SearchAction","target":{"@type":"EntryPoint","urlTemplate":"https:\/\/bagesland.cat\/?s={search_term_string}"},"query-input":"required name=search_term_string"}],"inLanguage":"es"},{"@type":"Organization","@id":"https:\/\/bagesland.cat\/#organization","name":"BAGESLAND","url":"https:\/\/bagesland.cat\/","logo":{"@type":"ImageObject","inLanguage":"es","@id":"https:\/\/bagesland.cat\/#\/schema\/logo\/image\/","url":"https:\/\/bagesland.cat\/wp-content\/uploads\/2024\/01\/BagesLandLogo.png","contentUrl":"https:\/\/bagesland.cat\/wp-content\/uploads\/2024\/01\/BagesLandLogo.png","width":500,"height":500,"caption":"BAGESLAND"},"image":{"@id":"https:\/\/bagesland.cat\/#\/schema\/logo\/image\/"}}]}},"_links":{"self":[{"href":"https:\/\/bagesland.cat\/index.php\/wp-json\/wp\/v2\/pages\/171"}],"collection":[{"href":"https:\/\/bagesland.cat\/index.php\/wp-json\/wp\/v2\/pages"}],"about":[{"href":"https:\/\/bagesland.cat\/index.php\/wp-json\/wp\/v2\/types\/page"}],"author":[{"embeddable":true,"href":"https:\/\/bagesland.cat\/index.php\/wp-json\/wp\/v2\/users\/1"}],"replies":[{"embeddable":true,"href":"https:\/\/bagesland.cat\/index.php\/wp-json\/wp\/v2\/comments?post=171"}],"version-history":[{"count":4,"href":"https:\/\/bagesland.cat\/index.php\/wp-json\/wp\/v2\/pages\/171\/revisions"}],"predecessor-version":[{"id":175,"href":"https:\/\/bagesland.cat\/index.php\/wp-json\/wp\/v2\/pages\/171\/revisions\/175"}],"wp:attachment":[{"href":"https:\/\/bagesland.cat\/index.php\/wp-json\/wp\/v2\/media?parent=171"}],"curies":[{"name":"wp","href":"https:\/\/api.w.org\/{rel}","templated":true}]}}